{"id":475,"date":"2021-03-08T19:40:11","date_gmt":"2021-03-08T19:40:11","guid":{"rendered":"https:\/\/www.gomezbarrosoabogados.es\/?page_id=475"},"modified":"2021-03-08T21:19:48","modified_gmt":"2021-03-08T21:19:48","slug":"mediacion","status":"publish","type":"page","link":"https:\/\/www.gomezbarrosoabogados.es\/index.php\/mediacion\/","title":{"rendered":"Mediaci\u00f3n"},"content":{"rendered":"<div data-colibri-id=\"475-c1\" class=\"style-641 style-local-475-c1 position-relative\">\n  <!---->\n  <div data-colibri-component=\"section\" data-colibri-id=\"475-c2\" id=\"custom\" class=\"h-section h-section-global-spacing d-flex align-items-lg-center align-items-md-center align-items-center style-642 style-local-475-c2 position-relative\">\n    <!---->\n    <!---->\n    <div class=\"h-section-grid-container h-section-boxed-container\">\n      <!---->\n      <div data-colibri-id=\"475-c3\" class=\"h-row-container gutters-row-lg-0 gutters-row-md-0 gutters-row-0 gutters-row-v-lg-0 gutters-row-v-md-0 gutters-row-v-0 style-646 style-local-475-c3 position-relative\">\n        <!---->\n        <div class=\"h-row justify-content-lg-center justify-content-md-center justify-content-center align-items-lg-stretch align-items-md-stretch align-items-stretch gutters-col-lg-0 gutters-col-md-0 gutters-col-0 gutters-col-v-lg-0 gutters-col-v-md-0 gutters-col-v-0\">\n          <!---->\n          <div class=\"h-column h-column-container d-flex h-col-lg-auto h-col-md-auto h-col-auto style-647-outer style-local-475-c4-outer\">\n            <div data-colibri-id=\"475-c4\" class=\"d-flex h-flex-basis h-column__inner h-px-lg-0 h-px-md-0 h-px-0 v-inner-lg-0 v-inner-md-0 v-inner-0 style-647 style-local-475-c4 position-relative\">\n              <!---->\n              <!---->\n              <div class=\"w-100 h-y-container h-column__content h-column__v-align flex-basis-100 align-self-lg-start align-self-md-start align-self-start\">\n                <!---->\n                <div data-colibri-id=\"475-c5\" class=\"h-global-transition-all h-heading style-648 style-local-475-c5 position-relative h-element\">\n                  <!---->\n                  <div class=\"h-heading__outer style-648 style-local-475-c5\">\n                    <!---->\n                    <!---->\n                    <h2 class=\"\">Mediaci\u00f3n<\/h2>\n                  <\/div>\n                <\/div>\n              <\/div>\n            <\/div>\n          <\/div>\n        <\/div>\n      <\/div>\n    <\/div>\n  <\/div>\n  <div data-colibri-component=\"section\" data-colibri-id=\"475-c6\" id=\"custom-2\" class=\"h-section h-section-global-spacing d-flex align-items-lg-center align-items-md-center align-items-center style-653 style-local-475-c6 position-relative\">\n    <!---->\n    <!---->\n    <div class=\"h-section-grid-container h-section-boxed-container\">\n      <!---->\n      <div data-colibri-id=\"475-c7\" class=\"h-row-container gutters-row-lg-2 gutters-row-md-2 gutters-row-0 gutters-row-v-lg-2 gutters-row-v-md-2 gutters-row-v-2 style-654 style-local-475-c7 position-relative\">\n        <!---->\n        <div class=\"h-row justify-content-lg-center justify-content-md-center justify-content-center align-items-lg-stretch align-items-md-stretch align-items-stretch gutters-col-lg-2 gutters-col-md-2 gutters-col-0 gutters-col-v-lg-2 gutters-col-v-md-2 gutters-col-v-2\">\n          <!---->\n          <div class=\"h-column h-column-container d-flex h-col-lg-auto h-col-md-auto h-col-auto style-655-outer style-local-475-c8-outer\">\n            <div data-colibri-id=\"475-c8\" class=\"d-flex h-flex-basis h-column__inner h-px-lg-2 h-px-md-2 h-px-2 v-inner-lg-2 v-inner-md-2 v-inner-2 style-655 style-local-475-c8 position-relative\">\n              <!---->\n              <!---->\n              <div class=\"w-100 h-y-container h-column__content h-column__v-align flex-basis-100 align-self-lg-start align-self-md-start align-self-start\">\n                <!---->\n                <div data-colibri-id=\"475-c9\" class=\"h-text h-text-component style-656 style-local-475-c9 position-relative h-element\">\n                  <!---->\n                  <!---->\n                  <div class=\"\">\n                    <p><span style=\"font-family: &quot;Trebuchet MS&quot;, sans-serif; color: rgb(34, 34, 34);\">La familia, igual que sucede con los trabajadores de una empresa, los miembros de una asociaci\u00f3n, los socios en una sociedad mercantil, o cualquier otro grupo de personas que han de convivir y relacionarse entre si d\u00eda a d\u00eda, en muchas ocasiones es centro de problem\u00e1ticas interpersonales cuya resoluci\u00f3n no siempre tiene una respuesta adecuada fuera de ese n\u00facleo. <\/span><\/p>\n                    <p><span style=\"font-family: &quot;Trebuchet MS&quot;, sans-serif; color: rgb(34, 34, 34);\">El di\u00e1logo y, sobre todo, una adecuada gesti\u00f3n del mismo, muchas veces resulta la herramienta perfecta para solucionar la problem\u00e1tica. <\/span>\n                      <span\n                        style=\"font-family: &quot;Trebuchet MS&quot;, sans-serif; color: black;\">Cuando se facilitan instrumentos que ayudan a gestionar la soluci\u00f3n de una crisis entre los miembros de los referidos colectivos de personas, el primer efecto que se produce es la recuperaci\u00f3n de una de las funciones propias de esta\n                        instituci\u00f3n social, la capacidad de conciliaci\u00f3n interna.<\/span>\n                    <\/p>\n                    <p><span style=\"font-family: &quot;Trebuchet MS&quot;, sans-serif; color: black;\">La mediaci\u00f3n, como instrumento en la b\u00fasqueda de soluciones y acuerdos en los conflictos interpersonales, persigue, bien la recomposici\u00f3n y preservaci\u00f3n de la unidad, bien la minimizaci\u00f3n de los efectos negativos de una ruptura.<\/span><\/p>\n                    <p><span style=\"font-family: &quot;Trebuchet MS&quot;, sans-serif; color: black;\">Por sus caracter\u00edsticas de voluntariedad, neutralidad, imparcialidad y confidencialidad, la mediaci\u00f3n se presenta como un recurso que abre nuevas v\u00edas para fomentar, desde el mutuo respeto, la autonom\u00eda y la libre capacidad de las personas para decidir su futuro.<\/span><\/p>\n                    <p><span style=\"font-family: &quot;Trebuchet MS&quot;, sans-serif; color: black;\">La mediaci\u00f3n tiene origen en los Estados Unidos de Am\u00e9rica, extendi\u00e9ndose posteriormente a otros pa\u00edses de nuestro entorno llegando a ser en algunos pa\u00edses europeos, una v\u00eda de obligado paso antes de iniciar acciones judiciales. La mediaci\u00f3n se podr\u00eda definir como una t\u00e9cnica centrada en la gesti\u00f3n de conflictos, y es una forma alternativa de resolver los mismos que se caracteriza por ser los miembros que acuden a la mediaci\u00f3n quienes a trav\u00e9s del di\u00e1logo, pueden alcanzar una soluci\u00f3n que satisfaga a todas las partes, sin que tenga que ser un tercero quien decida o imponga por ellos la soluci\u00f3n, tal y como sucede en la v\u00eda judicial o en los arbitrajes.<\/span><\/p>\n                    <p><strong style=\"font-size: 12pt; font-family: &quot;Trebuchet MS&quot;, sans-serif; color: rgb(0, 122, 214);\">Francisco G\u00f3mez Barroso &amp; Asociados<\/strong>&nbsp;<span style=\"font-size: 12pt; font-family: &quot;Trebuchet MS&quot;, sans-serif;\">dispone de un equipo de mediadores expertos en los aspectos jur\u00eddicos de la mediaci\u00f3n, que por su profesi\u00f3n de origen (abogados ejercientes) y formaci\u00f3n espec\u00edfica (mediadores titulados e inscritos en los correspondiente registro) puede dar respuesta a aquellos clientes que apuesten por esta interesante y novedosa forma de solucionar los conflictos interpersonales. Adem\u00e1s, en caso de ser necesario\/requerido, la mediaci\u00f3n puede desarrollarse en colaboraci\u00f3n con otros profesionales ajenos al mundo del derecho (como por ejemplo psic\u00f3logos, m\u00e9dicos, trabajadores sociales, ingenieros, etc.) que dar\u00e1n un enfoque distinto a las mediaciones.<\/span><\/p>\n                  <\/div>\n                <\/div>\n              <\/div>\n            <\/div>\n          <\/div>\n        <\/div>\n      <\/div>\n    <\/div>\n  <\/div>\n<\/div>","protected":false},"excerpt":{"rendered":"<p>Mediaci\u00f3n La familia, igual que sucede con los trabajadores de una empresa, los miembros de una asociaci\u00f3n, los socios en una sociedad mercantil, o cualquier otro grupo de personas que han de convivir y relacionarse entre si d\u00eda a d\u00eda, en muchas ocasiones es centro de problem\u00e1ticas interpersonales cuya resoluci\u00f3n no siempre tiene una respuesta [&hellip;]<\/p>\n","protected":false},"author":1,"featured_media":0,"parent":0,"menu_order":0,"comment_status":"closed","ping_status":"closed","template":"page-templates\/full-width-page.php","meta":{"footnotes":""},"class_list":["post-475","page","type-page","status-publish","hentry"],"_links":{"self":[{"href":"https:\/\/www.gomezbarrosoabogados.es\/index.php\/wp-json\/wp\/v2\/pages\/475","targetHints":{"allow":["GET"]}}],"collection":[{"href":"https:\/\/www.gomezbarrosoabogados.es\/index.php\/wp-json\/wp\/v2\/pages"}],"about":[{"href":"https:\/\/www.gomezbarrosoabogados.es\/index.php\/wp-json\/wp\/v2\/types\/page"}],"author":[{"embeddable":true,"href":"https:\/\/www.gomezbarrosoabogados.es\/index.php\/wp-json\/wp\/v2\/users\/1"}],"replies":[{"embeddable":true,"href":"https:\/\/www.gomezbarrosoabogados.es\/index.php\/wp-json\/wp\/v2\/comments?post=475"}],"version-history":[{"count":8,"href":"https:\/\/www.gomezbarrosoabogados.es\/index.php\/wp-json\/wp\/v2\/pages\/475\/revisions"}],"predecessor-version":[{"id":598,"href":"https:\/\/www.gomezbarrosoabogados.es\/index.php\/wp-json\/wp\/v2\/pages\/475\/revisions\/598"}],"wp:attachment":[{"href":"https:\/\/www.gomezbarrosoabogados.es\/index.php\/wp-json\/wp\/v2\/media?parent=475"}],"curies":[{"name":"wp","href":"https:\/\/api.w.org\/{rel}","templated":true}]}}