{"id":472,"date":"2021-03-08T19:39:42","date_gmt":"2021-03-08T19:39:42","guid":{"rendered":"https:\/\/www.gomezbarrosoabogados.es\/?page_id=472"},"modified":"2021-03-08T20:55:24","modified_gmt":"2021-03-08T20:55:24","slug":"asesoramiento-extrajudicial-integral-y-proactivo","status":"publish","type":"page","link":"https:\/\/www.gomezbarrosoabogados.es\/index.php\/asesoramiento-extrajudicial-integral-y-proactivo\/","title":{"rendered":"Asesoramiento extrajudicial integral y proactivo"},"content":{"rendered":"<div data-colibri-id=\"472-c1\" class=\"style-627 style-local-472-c1 position-relative\">\n  <!---->\n  <div data-colibri-component=\"section\" data-colibri-id=\"472-c2\" id=\"custom\" class=\"h-section h-section-global-spacing d-flex align-items-lg-center align-items-md-center align-items-center style-628 style-local-472-c2 position-relative\">\n    <!---->\n    <!---->\n    <div class=\"h-section-grid-container h-section-boxed-container\">\n      <!---->\n      <div data-colibri-id=\"472-c3\" class=\"h-row-container gutters-row-lg-1 gutters-row-md-1 gutters-row-0 gutters-row-v-lg-1 gutters-row-v-md-1 gutters-row-v-1 style-631 style-local-472-c3 position-relative\">\n        <!---->\n        <div class=\"h-row justify-content-lg-center justify-content-md-center justify-content-center align-items-lg-stretch align-items-md-stretch align-items-stretch gutters-col-lg-1 gutters-col-md-1 gutters-col-0 gutters-col-v-lg-1 gutters-col-v-md-1 gutters-col-v-1\">\n          <!---->\n          <div class=\"h-column h-column-container d-flex h-col-lg-auto h-col-md-auto h-col-auto style-632-outer style-local-472-c4-outer\">\n            <div data-colibri-id=\"472-c4\" class=\"d-flex h-flex-basis h-column__inner h-px-lg-1 h-px-md-1 h-px-1 v-inner-lg-1 v-inner-md-1 v-inner-1 style-632 style-local-472-c4 position-relative\">\n              <!---->\n              <!---->\n              <div class=\"w-100 h-y-container h-column__content h-column__v-align flex-basis-100 align-self-lg-start align-self-md-start align-self-start\">\n                <!---->\n                <div data-colibri-id=\"472-c5\" class=\"h-global-transition-all h-heading style-633 style-local-472-c5 position-relative h-element\">\n                  <!---->\n                  <div class=\"h-heading__outer style-633 style-local-472-c5\">\n                    <!---->\n                    <!---->\n                    <h2 class=\"\">Asesoramiento extrajudicial integral y proactivo<\/h2>\n                  <\/div>\n                <\/div>\n              <\/div>\n            <\/div>\n          <\/div>\n        <\/div>\n      <\/div>\n    <\/div>\n  <\/div>\n  <div data-colibri-component=\"section\" data-colibri-id=\"472-c6\" id=\"custom-2\" class=\"h-section h-section-global-spacing d-flex align-items-lg-center align-items-md-center align-items-center style-634 style-local-472-c6 position-relative\">\n    <!---->\n    <!---->\n    <div class=\"h-section-grid-container h-section-boxed-container\">\n      <!---->\n      <div data-colibri-id=\"472-c7\" class=\"h-row-container gutters-row-lg-2 gutters-row-md-2 gutters-row-0 gutters-row-v-lg-2 gutters-row-v-md-2 gutters-row-v-2 style-637 style-local-472-c7 position-relative\">\n        <!---->\n        <div class=\"h-row justify-content-lg-center justify-content-md-center justify-content-center align-items-lg-stretch align-items-md-stretch align-items-stretch gutters-col-lg-2 gutters-col-md-2 gutters-col-0 gutters-col-v-lg-2 gutters-col-v-md-2 gutters-col-v-2\">\n          <!---->\n          <div class=\"h-column h-column-container d-flex h-col-lg-auto h-col-md-auto h-col-auto style-638-outer style-local-472-c8-outer\">\n            <div data-colibri-id=\"472-c8\" class=\"d-flex h-flex-basis h-column__inner h-px-lg-2 h-px-md-2 h-px-2 v-inner-lg-2 v-inner-md-2 v-inner-2 style-638 style-local-472-c8 position-relative\">\n              <!---->\n              <!---->\n              <div class=\"w-100 h-y-container h-column__content h-column__v-align flex-basis-100 align-self-lg-start align-self-md-start align-self-start\">\n                <!---->\n                <div data-colibri-id=\"472-c9\" class=\"h-text h-text-component style-639 style-local-472-c9 position-relative h-element\">\n                  <!---->\n                  <!---->\n                  <div class=\"\">\n                    <p><span style=\"font-family: &quot;Trebuchet MS&quot;, sans-serif; color: black;\">La \u00fanica clave para no tener problemas judiciales, o en caso de tenerlos, que sean los m\u00ednimos posibles, es un adecuado asesoramiento jur\u00eddico. <\/span><\/p>\n                    <p><span style=\"font-family: &quot;Trebuchet MS&quot;, sans-serif; color: black;\">Es decir, que si antes de realizar operaciones de elevado contenido econ\u00f3mico (como la compraventa de un veh\u00edculo), con trascendencia jur\u00eddica relevante (por ejemplo el despido de un trabajador) o de complejidad t\u00e9cnica (como es el caso de la redacci\u00f3n de determinados contratos mercantiles o el registro de una marca), se consulta con un profesional de confianza la forma de afrontar la situaci\u00f3n, a pesar de suponer un desembolso econ\u00f3mico y el retraso de la operaci\u00f3n unos d\u00edas, redundar\u00e1 siempre en beneficio del cliente evit\u00e1ndole futuros problemas.<\/span><\/p>\n                    <p><span style=\"font-family: &quot;Trebuchet MS&quot;, sans-serif; color: black;\">Si cuenta con nuestros servicios, ya sea de forma puntual o de forma continua mediante la negociaci\u00f3n de una \u201ciguala\u201d, los letrados de <\/span><strong style=\"font-family: &quot;Trebuchet MS&quot;, sans-serif; color: rgb(0, 122, 214);\">Francisco G\u00f3mez Barroso &amp; Asociados<\/strong>\n                      <strong\n                        style=\"font-family: &quot;Trebuchet MS&quot;, sans-serif; color: rgb(102, 102, 255);\"> <\/strong><span style=\"font-family: &quot;Trebuchet MS&quot;, sans-serif; color: black;\">redactar\u00e1n por usted los contratos que sean necesarios (agencia, franquicia, arrendamiento, compraventa, extinci\u00f3n del condominio, etc.), negociar\u00e1n en su nombre con trabajadores (renovaci\u00f3n\/extinci\u00f3n contratos individuales, E.R.E., etc.) o incluso con terceros (entidades financieras, aseguradoras, clientes, proveedores, etc.) para obtener el mejor resultado posible, realizando en su nombre las comunicaciones y\/o requerimientos que sean necesarios.<\/span><\/p>\n                    <p><span style=\"font-family: &quot;Trebuchet MS&quot;, sans-serif; color: black;\">Adelantarnos a la aparici\u00f3n de los problemas y prever en su caso las consecuencias de los mismos, es nuestro principal objetivo.<\/span><\/p>\n                  <\/div>\n                <\/div>\n              <\/div>\n            <\/div>\n          <\/div>\n        <\/div>\n      <\/div>\n    <\/div>\n  <\/div>\n<\/div>","protected":false},"excerpt":{"rendered":"<p>Asesoramiento extrajudicial integral y proactivo La \u00fanica clave para no tener problemas judiciales, o en caso de tenerlos, que sean los m\u00ednimos posibles, es un adecuado asesoramiento jur\u00eddico. Es decir, que si antes de realizar operaciones de elevado contenido econ\u00f3mico (como la compraventa de un veh\u00edculo), con trascendencia jur\u00eddica relevante (por ejemplo el despido de [&hellip;]<\/p>\n","protected":false},"author":1,"featured_media":0,"parent":0,"menu_order":0,"comment_status":"closed","ping_status":"closed","template":"page-templates\/full-width-page.php","meta":{"footnotes":""},"class_list":["post-472","page","type-page","status-publish","hentry"],"_links":{"self":[{"href":"https:\/\/www.gomezbarrosoabogados.es\/index.php\/wp-json\/wp\/v2\/pages\/472","targetHints":{"allow":["GET"]}}],"collection":[{"href":"https:\/\/www.gomezbarrosoabogados.es\/index.php\/wp-json\/wp\/v2\/pages"}],"about":[{"href":"https:\/\/www.gomezbarrosoabogados.es\/index.php\/wp-json\/wp\/v2\/types\/page"}],"author":[{"embeddable":true,"href":"https:\/\/www.gomezbarrosoabogados.es\/index.php\/wp-json\/wp\/v2\/users\/1"}],"replies":[{"embeddable":true,"href":"https:\/\/www.gomezbarrosoabogados.es\/index.php\/wp-json\/wp\/v2\/comments?post=472"}],"version-history":[{"count":4,"href":"https:\/\/www.gomezbarrosoabogados.es\/index.php\/wp-json\/wp\/v2\/pages\/472\/revisions"}],"predecessor-version":[{"id":542,"href":"https:\/\/www.gomezbarrosoabogados.es\/index.php\/wp-json\/wp\/v2\/pages\/472\/revisions\/542"}],"wp:attachment":[{"href":"https:\/\/www.gomezbarrosoabogados.es\/index.php\/wp-json\/wp\/v2\/media?parent=472"}],"curies":[{"name":"wp","href":"https:\/\/api.w.org\/{rel}","templated":true}]}}